{"id":8138,"date":"2022-01-15T14:20:25","date_gmt":"2024-12-14T19:07:35","guid":{"rendered":"https:\/\/accncmecanique.com\/produit\/mazak-super-turbo-x510-mkii\/"},"modified":"2024-12-14T14:07:35","modified_gmt":"2024-12-14T19:07:35","slug":"mazak-super-turbo-x510-mkii","status":"publish","type":"product","link":"https:\/\/accncmecanique.com\/en\/product\/mazak-super-turbo-x510-mkii\/","title":{"rendered":"Mazak Super Turbo-X510 MkII"},"content":{"rendered":"<p>Work carried out on the laser:<\/p>\n<p>&nbsp;<\/p>\n<ul>\n<li>1: Complete cleaning and cooling unit.<\/li>\n<li>2: Change linear guide of the Ram and the protection belows.<\/li>\n<li>3: Change the Y axis pads as well as the screw bearings.<\/li>\n<li>4: Change the X axis pads as well as the screw bearings.<\/li>\n<li>5: Modification of the lubrication system.<\/li>\n<li>6: Change the lubrication valve metrings.<\/li>\n<li>7: New chiller pump.<\/li>\n<li>8: Change spring stell protection (ball screw &amp; X axes)<\/li>\n<li>9: Turbine rebuilt.<\/li>\n<li>10: Roller of the Y curtain redone.<\/li>\n<li>11: New suction filters.<\/li>\n<li>12: Axis drive complete check.<\/li>\n<\/ul>\n","protected":false},"excerpt":{"rendered":"<p>Mazak Super Turbo-X510 MkII<\/p>\n","protected":false},"featured_media":3814,"template":"","meta":[],"product_brand":[],"product_cat":[329],"product_tag":[],"class_list":{"0":"post-8138","1":"product","2":"type-product","3":"status-publish","4":"has-post-thumbnail","6":"product_cat-machinery-for-sale","8":"first","9":"instock","10":"shipping-taxable","11":"product-type-simple"},"yoast_head":"<!-- This site is optimized with the Yoast SEO plugin v27.2 - https:\/\/yoast.com\/product\/yoast-seo-wordpress\/ -->\n<title>Mazak Super Turbo-X510 MkII - M\u00e9canique AC-CNC<\/title>\n<meta name=\"description\" content=\"R\u00e9paration de CNC et conventionnel (Sp\u00e9cialisation Mazak). Entretien pour maintenance planifi\u00e9e. R\u00e9paration et installation de broche (spindle). R\u00e9paration de Drive et Power Supply. Conseiller pour achat de machineries usag\u00e9es. Vente de machines \u00e0 contr\u00f4le num\u00e9rique usag\u00e9es. Vente de pi\u00e8ces neuves et usag\u00e9es pour CNC et Conventionnel.\" \/>\n<meta name=\"robots\" content=\"index, follow, max-snippet:-1, max-image-preview:large, max-video-preview:-1\" \/>\n<link rel=\"canonical\" href=\"https:\/\/accncmecanique.com\/produit\/mazak-super-turbo-x510-mkii\/\" \/>\n<meta property=\"og:locale\" content=\"en_US\" \/>\n<meta property=\"og:type\" content=\"article\" \/>\n<meta property=\"og:title\" content=\"Mazak Super Turbo-X510 MkII - M\u00e9canique AC-CNC\" \/>\n<meta property=\"og:description\" content=\"R\u00e9paration de CNC et conventionnel (Sp\u00e9cialisation Mazak). Entretien pour maintenance planifi\u00e9e. R\u00e9paration et installation de broche (spindle). R\u00e9paration de Drive et Power Supply. Conseiller pour achat de machineries usag\u00e9es. Vente de machines \u00e0 contr\u00f4le num\u00e9rique usag\u00e9es. Vente de pi\u00e8ces neuves et usag\u00e9es pour CNC et Conventionnel.\" \/>\n<meta property=\"og:url\" content=\"https:\/\/accncmecanique.com\/produit\/mazak-super-turbo-x510-mkii\/\" \/>\n<meta property=\"og:site_name\" content=\"M\u00e9canique AC-CNC\" \/>\n<meta property=\"og:image\" content=\"https:\/\/accncmecanique.com\/wp-content\/uploads\/2019\/05\/AC-CNC-mecanique.jpg\" \/>\n\t<meta property=\"og:image:width\" content=\"437\" \/>\n\t<meta property=\"og:image:height\" content=\"300\" \/>\n\t<meta property=\"og:image:type\" content=\"image\/jpeg\" \/>\n<meta name=\"twitter:card\" content=\"summary_large_image\" \/>\n<script type=\"application\/ld+json\" class=\"yoast-schema-graph\">{\"@context\":\"https:\/\/schema.org\",\"@graph\":[{\"@type\":\"WebPage\",\"@id\":\"https:\/\/accncmecanique.com\/produit\/mazak-super-turbo-x510-mkii\/\",\"url\":\"https:\/\/accncmecanique.com\/produit\/mazak-super-turbo-x510-mkii\/\",\"name\":\"Mazak Super Turbo-X510 MkII - M\u00e9canique AC-CNC\",\"isPartOf\":{\"@id\":\"https:\/\/accncmecanique.com\/#website\"},\"primaryImageOfPage\":{\"@id\":\"https:\/\/accncmecanique.com\/produit\/mazak-super-turbo-x510-mkii\/#primaryimage\"},\"image\":{\"@id\":\"https:\/\/accncmecanique.com\/produit\/mazak-super-turbo-x510-mkii\/#primaryimage\"},\"thumbnailUrl\":\"https:\/\/accncmecanique.com\/wp-content\/uploads\/2022\/01\/Image3.jpg\",\"datePublished\":\"2024-12-14T19:07:35+00:00\",\"description\":\"R\u00e9paration de CNC et conventionnel (Sp\u00e9cialisation Mazak). Entretien pour maintenance planifi\u00e9e. R\u00e9paration et installation de broche (spindle). R\u00e9paration de Drive et Power Supply. Conseiller pour achat de machineries usag\u00e9es. Vente de machines \u00e0 contr\u00f4le num\u00e9rique usag\u00e9es. Vente de pi\u00e8ces neuves et usag\u00e9es pour CNC et Conventionnel.\",\"breadcrumb\":{\"@id\":\"https:\/\/accncmecanique.com\/produit\/mazak-super-turbo-x510-mkii\/#breadcrumb\"},\"inLanguage\":\"en-CA\",\"potentialAction\":[{\"@type\":\"ReadAction\",\"target\":[\"https:\/\/accncmecanique.com\/produit\/mazak-super-turbo-x510-mkii\/\"]}]},{\"@type\":\"ImageObject\",\"inLanguage\":\"en-CA\",\"@id\":\"https:\/\/accncmecanique.com\/produit\/mazak-super-turbo-x510-mkii\/#primaryimage\",\"url\":\"https:\/\/accncmecanique.com\/wp-content\/uploads\/2022\/01\/Image3.jpg\",\"contentUrl\":\"https:\/\/accncmecanique.com\/wp-content\/uploads\/2022\/01\/Image3.jpg\",\"width\":990,\"height\":1320},{\"@type\":\"BreadcrumbList\",\"@id\":\"https:\/\/accncmecanique.com\/produit\/mazak-super-turbo-x510-mkii\/#breadcrumb\",\"itemListElement\":[{\"@type\":\"ListItem\",\"position\":1,\"name\":\"Accueil\",\"item\":\"https:\/\/accncmecanique.com\/en\/accueil\/\"},{\"@type\":\"ListItem\",\"position\":2,\"name\":\"Machinery and parts for sale\",\"item\":\"https:\/\/accncmecanique.com\/en\/shop-2\/\"},{\"@type\":\"ListItem\",\"position\":3,\"name\":\"Mazak Super Turbo-X510 MkII\"}]},{\"@type\":\"WebSite\",\"@id\":\"https:\/\/accncmecanique.com\/#website\",\"url\":\"https:\/\/accncmecanique.com\/\",\"name\":\"M\u00e9canique AC\/CNC\",\"description\":\"Vente de machines \u00e0 contr\u00f4le num\u00e9rique\",\"publisher\":{\"@id\":\"https:\/\/accncmecanique.com\/#organization\"},\"potentialAction\":[{\"@type\":\"SearchAction\",\"target\":{\"@type\":\"EntryPoint\",\"urlTemplate\":\"https:\/\/accncmecanique.com\/?s={search_term_string}\"},\"query-input\":{\"@type\":\"PropertyValueSpecification\",\"valueRequired\":true,\"valueName\":\"search_term_string\"}}],\"inLanguage\":\"en-CA\"},{\"@type\":\"Organization\",\"@id\":\"https:\/\/accncmecanique.com\/#organization\",\"name\":\"ACCNC M\u00e9canique\",\"url\":\"https:\/\/accncmecanique.com\/\",\"logo\":{\"@type\":\"ImageObject\",\"inLanguage\":\"en-CA\",\"@id\":\"https:\/\/accncmecanique.com\/#\/schema\/logo\/image\/\",\"url\":\"https:\/\/accncmecanique.com\/wp-content\/uploads\/2019\/05\/AC-CNC-mecanique.jpg\",\"contentUrl\":\"https:\/\/accncmecanique.com\/wp-content\/uploads\/2019\/05\/AC-CNC-mecanique.jpg\",\"width\":437,\"height\":300,\"caption\":\"ACCNC M\u00e9canique\"},\"image\":{\"@id\":\"https:\/\/accncmecanique.com\/#\/schema\/logo\/image\/\"}}]}<\/script>\n<!-- \/ Yoast SEO plugin. -->","yoast_head_json":{"title":"Mazak Super Turbo-X510 MkII - M\u00e9canique AC-CNC","description":"R\u00e9paration de CNC et conventionnel (Sp\u00e9cialisation Mazak). Entretien pour maintenance planifi\u00e9e. R\u00e9paration et installation de broche (spindle). R\u00e9paration de Drive et Power Supply. Conseiller pour achat de machineries usag\u00e9es. Vente de machines \u00e0 contr\u00f4le num\u00e9rique usag\u00e9es. Vente de pi\u00e8ces neuves et usag\u00e9es pour CNC et Conventionnel.","robots":{"index":"index","follow":"follow","max-snippet":"max-snippet:-1","max-image-preview":"max-image-preview:large","max-video-preview":"max-video-preview:-1"},"canonical":"https:\/\/accncmecanique.com\/produit\/mazak-super-turbo-x510-mkii\/","og_locale":"en_US","og_type":"article","og_title":"Mazak Super Turbo-X510 MkII - M\u00e9canique AC-CNC","og_description":"R\u00e9paration de CNC et conventionnel (Sp\u00e9cialisation Mazak). Entretien pour maintenance planifi\u00e9e. R\u00e9paration et installation de broche (spindle). R\u00e9paration de Drive et Power Supply. Conseiller pour achat de machineries usag\u00e9es. Vente de machines \u00e0 contr\u00f4le num\u00e9rique usag\u00e9es. Vente de pi\u00e8ces neuves et usag\u00e9es pour CNC et Conventionnel.","og_url":"https:\/\/accncmecanique.com\/produit\/mazak-super-turbo-x510-mkii\/","og_site_name":"M\u00e9canique AC-CNC","og_image":[{"width":437,"height":300,"url":"https:\/\/accncmecanique.com\/wp-content\/uploads\/2019\/05\/AC-CNC-mecanique.jpg","type":"image\/jpeg"}],"twitter_card":"summary_large_image","schema":{"@context":"https:\/\/schema.org","@graph":[{"@type":"WebPage","@id":"https:\/\/accncmecanique.com\/produit\/mazak-super-turbo-x510-mkii\/","url":"https:\/\/accncmecanique.com\/produit\/mazak-super-turbo-x510-mkii\/","name":"Mazak Super Turbo-X510 MkII - M\u00e9canique AC-CNC","isPartOf":{"@id":"https:\/\/accncmecanique.com\/#website"},"primaryImageOfPage":{"@id":"https:\/\/accncmecanique.com\/produit\/mazak-super-turbo-x510-mkii\/#primaryimage"},"image":{"@id":"https:\/\/accncmecanique.com\/produit\/mazak-super-turbo-x510-mkii\/#primaryimage"},"thumbnailUrl":"https:\/\/accncmecanique.com\/wp-content\/uploads\/2022\/01\/Image3.jpg","datePublished":"2024-12-14T19:07:35+00:00","description":"R\u00e9paration de CNC et conventionnel (Sp\u00e9cialisation Mazak). Entretien pour maintenance planifi\u00e9e. R\u00e9paration et installation de broche (spindle). R\u00e9paration de Drive et Power Supply. Conseiller pour achat de machineries usag\u00e9es. Vente de machines \u00e0 contr\u00f4le num\u00e9rique usag\u00e9es. Vente de pi\u00e8ces neuves et usag\u00e9es pour CNC et Conventionnel.","breadcrumb":{"@id":"https:\/\/accncmecanique.com\/produit\/mazak-super-turbo-x510-mkii\/#breadcrumb"},"inLanguage":"en-CA","potentialAction":[{"@type":"ReadAction","target":["https:\/\/accncmecanique.com\/produit\/mazak-super-turbo-x510-mkii\/"]}]},{"@type":"ImageObject","inLanguage":"en-CA","@id":"https:\/\/accncmecanique.com\/produit\/mazak-super-turbo-x510-mkii\/#primaryimage","url":"https:\/\/accncmecanique.com\/wp-content\/uploads\/2022\/01\/Image3.jpg","contentUrl":"https:\/\/accncmecanique.com\/wp-content\/uploads\/2022\/01\/Image3.jpg","width":990,"height":1320},{"@type":"BreadcrumbList","@id":"https:\/\/accncmecanique.com\/produit\/mazak-super-turbo-x510-mkii\/#breadcrumb","itemListElement":[{"@type":"ListItem","position":1,"name":"Accueil","item":"https:\/\/accncmecanique.com\/en\/accueil\/"},{"@type":"ListItem","position":2,"name":"Machinery and parts for sale","item":"https:\/\/accncmecanique.com\/en\/shop-2\/"},{"@type":"ListItem","position":3,"name":"Mazak Super Turbo-X510 MkII"}]},{"@type":"WebSite","@id":"https:\/\/accncmecanique.com\/#website","url":"https:\/\/accncmecanique.com\/","name":"M\u00e9canique AC\/CNC","description":"Vente de machines \u00e0 contr\u00f4le num\u00e9rique","publisher":{"@id":"https:\/\/accncmecanique.com\/#organization"},"potentialAction":[{"@type":"SearchAction","target":{"@type":"EntryPoint","urlTemplate":"https:\/\/accncmecanique.com\/?s={search_term_string}"},"query-input":{"@type":"PropertyValueSpecification","valueRequired":true,"valueName":"search_term_string"}}],"inLanguage":"en-CA"},{"@type":"Organization","@id":"https:\/\/accncmecanique.com\/#organization","name":"ACCNC M\u00e9canique","url":"https:\/\/accncmecanique.com\/","logo":{"@type":"ImageObject","inLanguage":"en-CA","@id":"https:\/\/accncmecanique.com\/#\/schema\/logo\/image\/","url":"https:\/\/accncmecanique.com\/wp-content\/uploads\/2019\/05\/AC-CNC-mecanique.jpg","contentUrl":"https:\/\/accncmecanique.com\/wp-content\/uploads\/2019\/05\/AC-CNC-mecanique.jpg","width":437,"height":300,"caption":"ACCNC M\u00e9canique"},"image":{"@id":"https:\/\/accncmecanique.com\/#\/schema\/logo\/image\/"}}]}},"_links":{"self":[{"href":"https:\/\/accncmecanique.com\/en\/wp-json\/wp\/v2\/product\/8138","targetHints":{"allow":["GET"]}}],"collection":[{"href":"https:\/\/accncmecanique.com\/en\/wp-json\/wp\/v2\/product"}],"about":[{"href":"https:\/\/accncmecanique.com\/en\/wp-json\/wp\/v2\/types\/product"}],"wp:featuredmedia":[{"embeddable":true,"href":"https:\/\/accncmecanique.com\/en\/wp-json\/wp\/v2\/media\/3814"}],"wp:attachment":[{"href":"https:\/\/accncmecanique.com\/en\/wp-json\/wp\/v2\/media?parent=8138"}],"wp:term":[{"taxonomy":"product_brand","embeddable":true,"href":"https:\/\/accncmecanique.com\/en\/wp-json\/wp\/v2\/product_brand?post=8138"},{"taxonomy":"product_cat","embeddable":true,"href":"https:\/\/accncmecanique.com\/en\/wp-json\/wp\/v2\/product_cat?post=8138"},{"taxonomy":"product_tag","embeddable":true,"href":"https:\/\/accncmecanique.com\/en\/wp-json\/wp\/v2\/product_tag?post=8138"}],"curies":[{"name":"wp","href":"https:\/\/api.w.org\/{rel}","templated":true}]}}