{"id":8133,"date":"2019-05-08T13:39:03","date_gmt":"2024-12-14T19:04:22","guid":{"rendered":"https:\/\/accncmecanique.com\/produit\/mitsubishi-servomotor-ha43nc-ss\/"},"modified":"2024-12-14T14:04:22","modified_gmt":"2024-12-14T19:04:22","slug":"mitsubishi-servomotor-ha43nc-ss","status":"publish","type":"product","link":"https:\/\/accncmecanique.com\/en\/product\/mitsubishi-servomotor-ha43nc-ss\/","title":{"rendered":"Mitsubishi servomotor HA43NC-SS"},"content":{"rendered":"<h1>Mitsubishi servo motor<\/h1>\n<h2>Piece: HA43NC-SS<\/h2>\n<p>Mitsubishi brand, this servomotor will be perfect for your CNC machines.<\/p>\n","protected":false},"excerpt":{"rendered":"<h1>Mitsubishi servo motor<\/h1>\n","protected":false},"featured_media":598,"template":"","meta":[],"product_brand":[],"product_cat":[308,394,306],"product_tag":[],"class_list":{"0":"post-8133","1":"product","2":"type-product","3":"status-publish","4":"has-post-thumbnail","6":"product_cat-electronics-en","7":"product_cat-motor-en","8":"product_cat-used","10":"first","11":"instock","12":"shipping-taxable","13":"product-type-simple"},"yoast_head":"<!-- This site is optimized with the Yoast SEO plugin v27.2 - https:\/\/yoast.com\/product\/yoast-seo-wordpress\/ -->\n<title>Mitsubishi servomotor HA43NC-SS - M\u00e9canique AC-CNC<\/title>\n<meta name=\"description\" content=\"R\u00e9paration de CNC et conventionnel (Sp\u00e9cialisation Mazak). Entretien pour maintenance planifi\u00e9e. R\u00e9paration et installation de broche (spindle). R\u00e9paration de Drive et Power Supply. Conseiller pour achat de machineries usag\u00e9es. Vente de machines \u00e0 contr\u00f4le num\u00e9rique usag\u00e9es. Vente de pi\u00e8ces neuves et usag\u00e9es pour CNC et Conventionnel.\" \/>\n<meta name=\"robots\" content=\"index, follow, max-snippet:-1, max-image-preview:large, max-video-preview:-1\" \/>\n<link rel=\"canonical\" href=\"https:\/\/accncmecanique.com\/produit\/mitsubishi-servomotor-ha43nc-ss\/\" \/>\n<meta property=\"og:locale\" content=\"en_US\" \/>\n<meta property=\"og:type\" content=\"article\" \/>\n<meta property=\"og:title\" content=\"Mitsubishi servomotor HA43NC-SS - M\u00e9canique AC-CNC\" \/>\n<meta property=\"og:description\" content=\"R\u00e9paration de CNC et conventionnel (Sp\u00e9cialisation Mazak). Entretien pour maintenance planifi\u00e9e. R\u00e9paration et installation de broche (spindle). R\u00e9paration de Drive et Power Supply. Conseiller pour achat de machineries usag\u00e9es. Vente de machines \u00e0 contr\u00f4le num\u00e9rique usag\u00e9es. Vente de pi\u00e8ces neuves et usag\u00e9es pour CNC et Conventionnel.\" \/>\n<meta property=\"og:url\" content=\"https:\/\/accncmecanique.com\/produit\/mitsubishi-servomotor-ha43nc-ss\/\" \/>\n<meta property=\"og:site_name\" content=\"M\u00e9canique AC-CNC\" \/>\n<meta property=\"og:image\" content=\"https:\/\/accncmecanique.com\/wp-content\/uploads\/2019\/05\/AC-CNC-mecanique.jpg\" \/>\n\t<meta property=\"og:image:width\" content=\"437\" \/>\n\t<meta property=\"og:image:height\" content=\"300\" \/>\n\t<meta property=\"og:image:type\" content=\"image\/jpeg\" \/>\n<meta name=\"twitter:card\" content=\"summary_large_image\" \/>\n<script type=\"application\/ld+json\" class=\"yoast-schema-graph\">{\"@context\":\"https:\/\/schema.org\",\"@graph\":[{\"@type\":\"WebPage\",\"@id\":\"https:\/\/accncmecanique.com\/produit\/mitsubishi-servomotor-ha43nc-ss\/\",\"url\":\"https:\/\/accncmecanique.com\/produit\/mitsubishi-servomotor-ha43nc-ss\/\",\"name\":\"Mitsubishi servomotor HA43NC-SS - M\u00e9canique AC-CNC\",\"isPartOf\":{\"@id\":\"https:\/\/accncmecanique.com\/#website\"},\"primaryImageOfPage\":{\"@id\":\"https:\/\/accncmecanique.com\/produit\/mitsubishi-servomotor-ha43nc-ss\/#primaryimage\"},\"image\":{\"@id\":\"https:\/\/accncmecanique.com\/produit\/mitsubishi-servomotor-ha43nc-ss\/#primaryimage\"},\"thumbnailUrl\":\"https:\/\/accncmecanique.com\/wp-content\/uploads\/2017\/10\/MITSUBISHI-AC-SERVO-MOTOR-SPEC-65004.png\",\"datePublished\":\"2024-12-14T19:04:22+00:00\",\"description\":\"R\u00e9paration de CNC et conventionnel (Sp\u00e9cialisation Mazak). Entretien pour maintenance planifi\u00e9e. R\u00e9paration et installation de broche (spindle). R\u00e9paration de Drive et Power Supply. Conseiller pour achat de machineries usag\u00e9es. Vente de machines \u00e0 contr\u00f4le num\u00e9rique usag\u00e9es. Vente de pi\u00e8ces neuves et usag\u00e9es pour CNC et Conventionnel.\",\"breadcrumb\":{\"@id\":\"https:\/\/accncmecanique.com\/produit\/mitsubishi-servomotor-ha43nc-ss\/#breadcrumb\"},\"inLanguage\":\"en-CA\",\"potentialAction\":[{\"@type\":\"ReadAction\",\"target\":[\"https:\/\/accncmecanique.com\/produit\/mitsubishi-servomotor-ha43nc-ss\/\"]}]},{\"@type\":\"ImageObject\",\"inLanguage\":\"en-CA\",\"@id\":\"https:\/\/accncmecanique.com\/produit\/mitsubishi-servomotor-ha43nc-ss\/#primaryimage\",\"url\":\"https:\/\/accncmecanique.com\/wp-content\/uploads\/2017\/10\/MITSUBISHI-AC-SERVO-MOTOR-SPEC-65004.png\",\"contentUrl\":\"https:\/\/accncmecanique.com\/wp-content\/uploads\/2017\/10\/MITSUBISHI-AC-SERVO-MOTOR-SPEC-65004.png\",\"width\":362,\"height\":206},{\"@type\":\"BreadcrumbList\",\"@id\":\"https:\/\/accncmecanique.com\/produit\/mitsubishi-servomotor-ha43nc-ss\/#breadcrumb\",\"itemListElement\":[{\"@type\":\"ListItem\",\"position\":1,\"name\":\"Accueil\",\"item\":\"https:\/\/accncmecanique.com\/en\/accueil\/\"},{\"@type\":\"ListItem\",\"position\":2,\"name\":\"Machinery and parts for sale\",\"item\":\"https:\/\/accncmecanique.com\/en\/shop-2\/\"},{\"@type\":\"ListItem\",\"position\":3,\"name\":\"Mitsubishi servomotor HA43NC-SS\"}]},{\"@type\":\"WebSite\",\"@id\":\"https:\/\/accncmecanique.com\/#website\",\"url\":\"https:\/\/accncmecanique.com\/\",\"name\":\"M\u00e9canique AC\/CNC\",\"description\":\"Vente de machines \u00e0 contr\u00f4le num\u00e9rique\",\"publisher\":{\"@id\":\"https:\/\/accncmecanique.com\/#organization\"},\"potentialAction\":[{\"@type\":\"SearchAction\",\"target\":{\"@type\":\"EntryPoint\",\"urlTemplate\":\"https:\/\/accncmecanique.com\/?s={search_term_string}\"},\"query-input\":{\"@type\":\"PropertyValueSpecification\",\"valueRequired\":true,\"valueName\":\"search_term_string\"}}],\"inLanguage\":\"en-CA\"},{\"@type\":\"Organization\",\"@id\":\"https:\/\/accncmecanique.com\/#organization\",\"name\":\"ACCNC M\u00e9canique\",\"url\":\"https:\/\/accncmecanique.com\/\",\"logo\":{\"@type\":\"ImageObject\",\"inLanguage\":\"en-CA\",\"@id\":\"https:\/\/accncmecanique.com\/#\/schema\/logo\/image\/\",\"url\":\"https:\/\/accncmecanique.com\/wp-content\/uploads\/2019\/05\/AC-CNC-mecanique.jpg\",\"contentUrl\":\"https:\/\/accncmecanique.com\/wp-content\/uploads\/2019\/05\/AC-CNC-mecanique.jpg\",\"width\":437,\"height\":300,\"caption\":\"ACCNC M\u00e9canique\"},\"image\":{\"@id\":\"https:\/\/accncmecanique.com\/#\/schema\/logo\/image\/\"}}]}<\/script>\n<!-- \/ Yoast SEO plugin. -->","yoast_head_json":{"title":"Mitsubishi servomotor HA43NC-SS - M\u00e9canique AC-CNC","description":"R\u00e9paration de CNC et conventionnel (Sp\u00e9cialisation Mazak). Entretien pour maintenance planifi\u00e9e. R\u00e9paration et installation de broche (spindle). R\u00e9paration de Drive et Power Supply. Conseiller pour achat de machineries usag\u00e9es. Vente de machines \u00e0 contr\u00f4le num\u00e9rique usag\u00e9es. Vente de pi\u00e8ces neuves et usag\u00e9es pour CNC et Conventionnel.","robots":{"index":"index","follow":"follow","max-snippet":"max-snippet:-1","max-image-preview":"max-image-preview:large","max-video-preview":"max-video-preview:-1"},"canonical":"https:\/\/accncmecanique.com\/produit\/mitsubishi-servomotor-ha43nc-ss\/","og_locale":"en_US","og_type":"article","og_title":"Mitsubishi servomotor HA43NC-SS - M\u00e9canique AC-CNC","og_description":"R\u00e9paration de CNC et conventionnel (Sp\u00e9cialisation Mazak). Entretien pour maintenance planifi\u00e9e. R\u00e9paration et installation de broche (spindle). R\u00e9paration de Drive et Power Supply. Conseiller pour achat de machineries usag\u00e9es. Vente de machines \u00e0 contr\u00f4le num\u00e9rique usag\u00e9es. Vente de pi\u00e8ces neuves et usag\u00e9es pour CNC et Conventionnel.","og_url":"https:\/\/accncmecanique.com\/produit\/mitsubishi-servomotor-ha43nc-ss\/","og_site_name":"M\u00e9canique AC-CNC","og_image":[{"width":437,"height":300,"url":"https:\/\/accncmecanique.com\/wp-content\/uploads\/2019\/05\/AC-CNC-mecanique.jpg","type":"image\/jpeg"}],"twitter_card":"summary_large_image","schema":{"@context":"https:\/\/schema.org","@graph":[{"@type":"WebPage","@id":"https:\/\/accncmecanique.com\/produit\/mitsubishi-servomotor-ha43nc-ss\/","url":"https:\/\/accncmecanique.com\/produit\/mitsubishi-servomotor-ha43nc-ss\/","name":"Mitsubishi servomotor HA43NC-SS - M\u00e9canique AC-CNC","isPartOf":{"@id":"https:\/\/accncmecanique.com\/#website"},"primaryImageOfPage":{"@id":"https:\/\/accncmecanique.com\/produit\/mitsubishi-servomotor-ha43nc-ss\/#primaryimage"},"image":{"@id":"https:\/\/accncmecanique.com\/produit\/mitsubishi-servomotor-ha43nc-ss\/#primaryimage"},"thumbnailUrl":"https:\/\/accncmecanique.com\/wp-content\/uploads\/2017\/10\/MITSUBISHI-AC-SERVO-MOTOR-SPEC-65004.png","datePublished":"2024-12-14T19:04:22+00:00","description":"R\u00e9paration de CNC et conventionnel (Sp\u00e9cialisation Mazak). Entretien pour maintenance planifi\u00e9e. R\u00e9paration et installation de broche (spindle). R\u00e9paration de Drive et Power Supply. Conseiller pour achat de machineries usag\u00e9es. Vente de machines \u00e0 contr\u00f4le num\u00e9rique usag\u00e9es. Vente de pi\u00e8ces neuves et usag\u00e9es pour CNC et Conventionnel.","breadcrumb":{"@id":"https:\/\/accncmecanique.com\/produit\/mitsubishi-servomotor-ha43nc-ss\/#breadcrumb"},"inLanguage":"en-CA","potentialAction":[{"@type":"ReadAction","target":["https:\/\/accncmecanique.com\/produit\/mitsubishi-servomotor-ha43nc-ss\/"]}]},{"@type":"ImageObject","inLanguage":"en-CA","@id":"https:\/\/accncmecanique.com\/produit\/mitsubishi-servomotor-ha43nc-ss\/#primaryimage","url":"https:\/\/accncmecanique.com\/wp-content\/uploads\/2017\/10\/MITSUBISHI-AC-SERVO-MOTOR-SPEC-65004.png","contentUrl":"https:\/\/accncmecanique.com\/wp-content\/uploads\/2017\/10\/MITSUBISHI-AC-SERVO-MOTOR-SPEC-65004.png","width":362,"height":206},{"@type":"BreadcrumbList","@id":"https:\/\/accncmecanique.com\/produit\/mitsubishi-servomotor-ha43nc-ss\/#breadcrumb","itemListElement":[{"@type":"ListItem","position":1,"name":"Accueil","item":"https:\/\/accncmecanique.com\/en\/accueil\/"},{"@type":"ListItem","position":2,"name":"Machinery and parts for sale","item":"https:\/\/accncmecanique.com\/en\/shop-2\/"},{"@type":"ListItem","position":3,"name":"Mitsubishi servomotor HA43NC-SS"}]},{"@type":"WebSite","@id":"https:\/\/accncmecanique.com\/#website","url":"https:\/\/accncmecanique.com\/","name":"M\u00e9canique AC\/CNC","description":"Vente de machines \u00e0 contr\u00f4le num\u00e9rique","publisher":{"@id":"https:\/\/accncmecanique.com\/#organization"},"potentialAction":[{"@type":"SearchAction","target":{"@type":"EntryPoint","urlTemplate":"https:\/\/accncmecanique.com\/?s={search_term_string}"},"query-input":{"@type":"PropertyValueSpecification","valueRequired":true,"valueName":"search_term_string"}}],"inLanguage":"en-CA"},{"@type":"Organization","@id":"https:\/\/accncmecanique.com\/#organization","name":"ACCNC M\u00e9canique","url":"https:\/\/accncmecanique.com\/","logo":{"@type":"ImageObject","inLanguage":"en-CA","@id":"https:\/\/accncmecanique.com\/#\/schema\/logo\/image\/","url":"https:\/\/accncmecanique.com\/wp-content\/uploads\/2019\/05\/AC-CNC-mecanique.jpg","contentUrl":"https:\/\/accncmecanique.com\/wp-content\/uploads\/2019\/05\/AC-CNC-mecanique.jpg","width":437,"height":300,"caption":"ACCNC M\u00e9canique"},"image":{"@id":"https:\/\/accncmecanique.com\/#\/schema\/logo\/image\/"}}]}},"_links":{"self":[{"href":"https:\/\/accncmecanique.com\/en\/wp-json\/wp\/v2\/product\/8133","targetHints":{"allow":["GET"]}}],"collection":[{"href":"https:\/\/accncmecanique.com\/en\/wp-json\/wp\/v2\/product"}],"about":[{"href":"https:\/\/accncmecanique.com\/en\/wp-json\/wp\/v2\/types\/product"}],"wp:featuredmedia":[{"embeddable":true,"href":"https:\/\/accncmecanique.com\/en\/wp-json\/wp\/v2\/media\/598"}],"wp:attachment":[{"href":"https:\/\/accncmecanique.com\/en\/wp-json\/wp\/v2\/media?parent=8133"}],"wp:term":[{"taxonomy":"product_brand","embeddable":true,"href":"https:\/\/accncmecanique.com\/en\/wp-json\/wp\/v2\/product_brand?post=8133"},{"taxonomy":"product_cat","embeddable":true,"href":"https:\/\/accncmecanique.com\/en\/wp-json\/wp\/v2\/product_cat?post=8133"},{"taxonomy":"product_tag","embeddable":true,"href":"https:\/\/accncmecanique.com\/en\/wp-json\/wp\/v2\/product_tag?post=8133"}],"curies":[{"name":"wp","href":"https:\/\/api.w.org\/{rel}","templated":true}]}}