{"id":324,"date":"2017-05-18T08:30:20","date_gmt":"2017-05-18T12:30:20","guid":{"rendered":"https:\/\/accncmecanique.com\/contact\/"},"modified":"2026-01-20T10:21:41","modified_gmt":"2026-01-20T15:21:41","slug":"contact","status":"publish","type":"page","link":"https:\/\/accncmecanique.com\/en\/contact\/","title":{"rendered":"Contact"},"content":{"rendered":"<div class=\"wpb-content-wrapper\"><p>[vc_row][vc_column width=&#8221;1\/2&#8243;][vc_column_text css=&#8221;&#8221;]<\/p>\n<h2><strong>M\u00e9canique AC\/CNC<\/strong><\/h2>\n<h3>68 rang St-Charles-Sud,<br \/>\nSt-Magloire, QC<br \/>\nG0R 3M0<\/h3>\n<h4><a class=\"contact-mail\" href=\"mailto:alex@accncmecanique.com\">alex@accncmecanique.com<\/a><\/h4>\n<p>[\/vc_column_text][\/vc_column][vc_column width=&#8221;1\/2&#8243;]\n<div class=\"wpcf7 no-js\" id=\"wpcf7-f7969-o1\" lang=\"en-CA\" dir=\"ltr\" data-wpcf7-id=\"7969\">\n<div class=\"screen-reader-response\"><p role=\"status\" aria-live=\"polite\" aria-atomic=\"true\"><\/p> <ul><\/ul><\/div>\n<form action=\"\/en\/wp-json\/wp\/v2\/pages\/324#wpcf7-f7969-o1\" method=\"post\" class=\"wpcf7-form init\" aria-label=\"Contact form\" novalidate=\"novalidate\" data-status=\"init\">\n<fieldset class=\"hidden-fields-container\"><input type=\"hidden\" name=\"_wpcf7\" value=\"7969\" \/><input type=\"hidden\" name=\"_wpcf7_version\" value=\"6.1.5\" \/><input type=\"hidden\" name=\"_wpcf7_locale\" value=\"en_CA\" \/><input type=\"hidden\" name=\"_wpcf7_unit_tag\" value=\"wpcf7-f7969-o1\" \/><input type=\"hidden\" name=\"_wpcf7_container_post\" value=\"0\" \/><input type=\"hidden\" name=\"_wpcf7_posted_data_hash\" value=\"\" \/><input type=\"hidden\" name=\"_wpcf7_recaptcha_response\" value=\"\" \/>\n<\/fieldset>\n<p><label> Your name<br \/>\n<span class=\"wpcf7-form-control-wrap\" data-name=\"your-name\"><input size=\"40\" maxlength=\"400\" class=\"wpcf7-form-control wpcf7-text wpcf7-validates-as-required\" autocomplete=\"name\" aria-required=\"true\" aria-invalid=\"false\" value=\"\" type=\"text\" name=\"your-name\" \/><\/span> <\/label>\n<\/p>\n<p><label> Your email<br \/>\n<span class=\"wpcf7-form-control-wrap\" data-name=\"your-email\"><input size=\"40\" maxlength=\"400\" class=\"wpcf7-form-control wpcf7-email wpcf7-validates-as-required wpcf7-text wpcf7-validates-as-email\" autocomplete=\"email\" aria-required=\"true\" aria-invalid=\"false\" value=\"\" type=\"email\" name=\"your-email\" \/><\/span> <\/label>\n<\/p>\n<p><label> Entreprise<br \/>\n<span class=\"wpcf7-form-control-wrap\" data-name=\"your-enterprise\"><input size=\"40\" maxlength=\"400\" class=\"wpcf7-form-control wpcf7-text wpcf7-validates-as-required\" aria-required=\"true\" aria-invalid=\"false\" value=\"\" type=\"text\" name=\"your-enterprise\" \/><\/span> <\/label>\n<\/p>\n<p><label> Subject<br \/>\n<span class=\"wpcf7-form-control-wrap\" data-name=\"your-subject\"><input size=\"40\" maxlength=\"400\" class=\"wpcf7-form-control wpcf7-text wpcf7-validates-as-required\" aria-required=\"true\" aria-invalid=\"false\" value=\"\" type=\"text\" name=\"your-subject\" \/><\/span> <\/label>\n<\/p>\n<p><label> Message<br \/>\n<span class=\"wpcf7-form-control-wrap\" data-name=\"your-message\"><textarea cols=\"40\" rows=\"10\" maxlength=\"2000\" class=\"wpcf7-form-control wpcf7-textarea\" aria-invalid=\"false\" name=\"your-message\"><\/textarea><\/span> <\/label>\n<\/p>\n<p><input class=\"wpcf7-form-control wpcf7-submit has-spinner\" type=\"submit\" value=\"Submit\" \/>\n<\/p><div class=\"wpcf7-response-output\" aria-hidden=\"true\"><\/div>\n<\/form>\n<\/div>\n[\/vc_column][\/vc_row][vc_row][vc_column][vc_empty_space][vc_goo_maps location=&#8221;68 rang st-charles-sud, St-Magloire&#8221; zoom=&#8221;11&#8243; css=&#8221;&#8221;][\/vc_column][\/vc_row]<\/p>\n<\/div>","protected":false},"excerpt":{"rendered":"<p>[vc_row][vc_column width=&#8221;1\/2&#8243;][vc_column_text css=&#8221;&#8221;] M\u00e9canique AC\/CNC 68 rang St-Charles-Sud, St-Magloire, QC G0R 3M0 alex@accncmecanique.com [\/vc_column_text][\/vc_column][vc_column width=&#8221;1\/2&#8243;][\/vc_column][\/vc_row][vc_row][vc_column][vc_empty_space][vc_goo_maps location=&#8221;68 rang st-charles-sud, St-Magloire&#8221; zoom=&#8221;11&#8243; [&hellip;]<\/p>\n","protected":false},"author":2,"featured_media":7935,"parent":0,"menu_order":0,"comment_status":"closed","ping_status":"closed","template":"","meta":{"footnotes":""},"class_list":["post-324","page","type-page","status-publish","has-post-thumbnail","hentry"],"yoast_head":"<!-- This site is optimized with the Yoast SEO plugin v27.2 - https:\/\/yoast.com\/product\/yoast-seo-wordpress\/ -->\n<title>Contact - M\u00e9canique AC-CNC<\/title>\n<meta name=\"description\" content=\"R\u00e9paration de CNC et conventionnel (Sp\u00e9cialisation Mazak). Entretien pour maintenance planifi\u00e9e. R\u00e9paration et installation de broche (spindle). R\u00e9paration de Drive et Power Supply. Conseiller pour achat de machineries usag\u00e9es. Vente de machines \u00e0 contr\u00f4le num\u00e9rique usag\u00e9es. Vente de pi\u00e8ces neuves et usag\u00e9es pour CNC et Conventionnel.\" \/>\n<meta name=\"robots\" content=\"index, follow, max-snippet:-1, max-image-preview:large, max-video-preview:-1\" \/>\n<link rel=\"canonical\" href=\"https:\/\/accncmecanique.com\/en\/contact\/\" \/>\n<meta property=\"og:locale\" content=\"en_US\" \/>\n<meta property=\"og:type\" content=\"article\" \/>\n<meta property=\"og:title\" content=\"Contact - M\u00e9canique AC-CNC\" \/>\n<meta property=\"og:description\" content=\"R\u00e9paration de CNC et conventionnel (Sp\u00e9cialisation Mazak). Entretien pour maintenance planifi\u00e9e. R\u00e9paration et installation de broche (spindle). R\u00e9paration de Drive et Power Supply. Conseiller pour achat de machineries usag\u00e9es. Vente de machines \u00e0 contr\u00f4le num\u00e9rique usag\u00e9es. Vente de pi\u00e8ces neuves et usag\u00e9es pour CNC et Conventionnel.\" \/>\n<meta property=\"og:url\" content=\"https:\/\/accncmecanique.com\/en\/contact\/\" \/>\n<meta property=\"og:site_name\" content=\"M\u00e9canique AC-CNC\" \/>\n<meta property=\"article:modified_time\" content=\"2026-01-20T15:21:41+00:00\" \/>\n<meta property=\"og:image\" content=\"https:\/\/accncmecanique.com\/wp-content\/uploads\/2023\/05\/bg-header1.jpg\" \/>\n\t<meta property=\"og:image:width\" content=\"1600\" \/>\n\t<meta property=\"og:image:height\" content=\"900\" \/>\n\t<meta property=\"og:image:type\" content=\"image\/jpeg\" \/>\n<meta name=\"twitter:card\" content=\"summary_large_image\" \/>\n<meta name=\"twitter:label1\" content=\"Est. reading time\" \/>\n\t<meta name=\"twitter:data1\" content=\"1 minute\" \/>\n<script type=\"application\/ld+json\" class=\"yoast-schema-graph\">{\"@context\":\"https:\/\/schema.org\",\"@graph\":[{\"@type\":\"WebPage\",\"@id\":\"https:\/\/accncmecanique.com\/en\/contact\/\",\"url\":\"https:\/\/accncmecanique.com\/en\/contact\/\",\"name\":\"Contact - M\u00e9canique AC-CNC\",\"isPartOf\":{\"@id\":\"https:\/\/accncmecanique.com\/#website\"},\"primaryImageOfPage\":{\"@id\":\"https:\/\/accncmecanique.com\/en\/contact\/#primaryimage\"},\"image\":{\"@id\":\"https:\/\/accncmecanique.com\/en\/contact\/#primaryimage\"},\"thumbnailUrl\":\"https:\/\/accncmecanique.com\/wp-content\/uploads\/2023\/05\/bg-header1.jpg\",\"datePublished\":\"2017-05-18T12:30:20+00:00\",\"dateModified\":\"2026-01-20T15:21:41+00:00\",\"description\":\"R\u00e9paration de CNC et conventionnel (Sp\u00e9cialisation Mazak). Entretien pour maintenance planifi\u00e9e. R\u00e9paration et installation de broche (spindle). R\u00e9paration de Drive et Power Supply. Conseiller pour achat de machineries usag\u00e9es. Vente de machines \u00e0 contr\u00f4le num\u00e9rique usag\u00e9es. Vente de pi\u00e8ces neuves et usag\u00e9es pour CNC et Conventionnel.\",\"breadcrumb\":{\"@id\":\"https:\/\/accncmecanique.com\/en\/contact\/#breadcrumb\"},\"inLanguage\":\"en-CA\",\"potentialAction\":[{\"@type\":\"ReadAction\",\"target\":[\"https:\/\/accncmecanique.com\/en\/contact\/\"]}]},{\"@type\":\"ImageObject\",\"inLanguage\":\"en-CA\",\"@id\":\"https:\/\/accncmecanique.com\/en\/contact\/#primaryimage\",\"url\":\"https:\/\/accncmecanique.com\/wp-content\/uploads\/2023\/05\/bg-header1.jpg\",\"contentUrl\":\"https:\/\/accncmecanique.com\/wp-content\/uploads\/2023\/05\/bg-header1.jpg\",\"width\":1600,\"height\":900},{\"@type\":\"BreadcrumbList\",\"@id\":\"https:\/\/accncmecanique.com\/en\/contact\/#breadcrumb\",\"itemListElement\":[{\"@type\":\"ListItem\",\"position\":1,\"name\":\"Accueil\",\"item\":\"https:\/\/accncmecanique.com\/en\/accueil\/\"},{\"@type\":\"ListItem\",\"position\":2,\"name\":\"Contact\"}]},{\"@type\":\"WebSite\",\"@id\":\"https:\/\/accncmecanique.com\/#website\",\"url\":\"https:\/\/accncmecanique.com\/\",\"name\":\"M\u00e9canique AC\/CNC\",\"description\":\"Vente de machines \u00e0 contr\u00f4le num\u00e9rique\",\"publisher\":{\"@id\":\"https:\/\/accncmecanique.com\/#organization\"},\"potentialAction\":[{\"@type\":\"SearchAction\",\"target\":{\"@type\":\"EntryPoint\",\"urlTemplate\":\"https:\/\/accncmecanique.com\/?s={search_term_string}\"},\"query-input\":{\"@type\":\"PropertyValueSpecification\",\"valueRequired\":true,\"valueName\":\"search_term_string\"}}],\"inLanguage\":\"en-CA\"},{\"@type\":\"Organization\",\"@id\":\"https:\/\/accncmecanique.com\/#organization\",\"name\":\"ACCNC M\u00e9canique\",\"url\":\"https:\/\/accncmecanique.com\/\",\"logo\":{\"@type\":\"ImageObject\",\"inLanguage\":\"en-CA\",\"@id\":\"https:\/\/accncmecanique.com\/#\/schema\/logo\/image\/\",\"url\":\"https:\/\/accncmecanique.com\/wp-content\/uploads\/2019\/05\/AC-CNC-mecanique.jpg\",\"contentUrl\":\"https:\/\/accncmecanique.com\/wp-content\/uploads\/2019\/05\/AC-CNC-mecanique.jpg\",\"width\":437,\"height\":300,\"caption\":\"ACCNC M\u00e9canique\"},\"image\":{\"@id\":\"https:\/\/accncmecanique.com\/#\/schema\/logo\/image\/\"}}]}<\/script>\n<!-- \/ Yoast SEO plugin. -->","yoast_head_json":{"title":"Contact - M\u00e9canique AC-CNC","description":"R\u00e9paration de CNC et conventionnel (Sp\u00e9cialisation Mazak). Entretien pour maintenance planifi\u00e9e. R\u00e9paration et installation de broche (spindle). R\u00e9paration de Drive et Power Supply. Conseiller pour achat de machineries usag\u00e9es. Vente de machines \u00e0 contr\u00f4le num\u00e9rique usag\u00e9es. Vente de pi\u00e8ces neuves et usag\u00e9es pour CNC et Conventionnel.","robots":{"index":"index","follow":"follow","max-snippet":"max-snippet:-1","max-image-preview":"max-image-preview:large","max-video-preview":"max-video-preview:-1"},"canonical":"https:\/\/accncmecanique.com\/en\/contact\/","og_locale":"en_US","og_type":"article","og_title":"Contact - M\u00e9canique AC-CNC","og_description":"R\u00e9paration de CNC et conventionnel (Sp\u00e9cialisation Mazak). Entretien pour maintenance planifi\u00e9e. R\u00e9paration et installation de broche (spindle). R\u00e9paration de Drive et Power Supply. Conseiller pour achat de machineries usag\u00e9es. Vente de machines \u00e0 contr\u00f4le num\u00e9rique usag\u00e9es. Vente de pi\u00e8ces neuves et usag\u00e9es pour CNC et Conventionnel.","og_url":"https:\/\/accncmecanique.com\/en\/contact\/","og_site_name":"M\u00e9canique AC-CNC","article_modified_time":"2026-01-20T15:21:41+00:00","og_image":[{"width":1600,"height":900,"url":"https:\/\/accncmecanique.com\/wp-content\/uploads\/2023\/05\/bg-header1.jpg","type":"image\/jpeg"}],"twitter_card":"summary_large_image","twitter_misc":{"Est. reading time":"1 minute"},"schema":{"@context":"https:\/\/schema.org","@graph":[{"@type":"WebPage","@id":"https:\/\/accncmecanique.com\/en\/contact\/","url":"https:\/\/accncmecanique.com\/en\/contact\/","name":"Contact - M\u00e9canique AC-CNC","isPartOf":{"@id":"https:\/\/accncmecanique.com\/#website"},"primaryImageOfPage":{"@id":"https:\/\/accncmecanique.com\/en\/contact\/#primaryimage"},"image":{"@id":"https:\/\/accncmecanique.com\/en\/contact\/#primaryimage"},"thumbnailUrl":"https:\/\/accncmecanique.com\/wp-content\/uploads\/2023\/05\/bg-header1.jpg","datePublished":"2017-05-18T12:30:20+00:00","dateModified":"2026-01-20T15:21:41+00:00","description":"R\u00e9paration de CNC et conventionnel (Sp\u00e9cialisation Mazak). Entretien pour maintenance planifi\u00e9e. R\u00e9paration et installation de broche (spindle). R\u00e9paration de Drive et Power Supply. Conseiller pour achat de machineries usag\u00e9es. Vente de machines \u00e0 contr\u00f4le num\u00e9rique usag\u00e9es. Vente de pi\u00e8ces neuves et usag\u00e9es pour CNC et Conventionnel.","breadcrumb":{"@id":"https:\/\/accncmecanique.com\/en\/contact\/#breadcrumb"},"inLanguage":"en-CA","potentialAction":[{"@type":"ReadAction","target":["https:\/\/accncmecanique.com\/en\/contact\/"]}]},{"@type":"ImageObject","inLanguage":"en-CA","@id":"https:\/\/accncmecanique.com\/en\/contact\/#primaryimage","url":"https:\/\/accncmecanique.com\/wp-content\/uploads\/2023\/05\/bg-header1.jpg","contentUrl":"https:\/\/accncmecanique.com\/wp-content\/uploads\/2023\/05\/bg-header1.jpg","width":1600,"height":900},{"@type":"BreadcrumbList","@id":"https:\/\/accncmecanique.com\/en\/contact\/#breadcrumb","itemListElement":[{"@type":"ListItem","position":1,"name":"Accueil","item":"https:\/\/accncmecanique.com\/en\/accueil\/"},{"@type":"ListItem","position":2,"name":"Contact"}]},{"@type":"WebSite","@id":"https:\/\/accncmecanique.com\/#website","url":"https:\/\/accncmecanique.com\/","name":"M\u00e9canique AC\/CNC","description":"Vente de machines \u00e0 contr\u00f4le num\u00e9rique","publisher":{"@id":"https:\/\/accncmecanique.com\/#organization"},"potentialAction":[{"@type":"SearchAction","target":{"@type":"EntryPoint","urlTemplate":"https:\/\/accncmecanique.com\/?s={search_term_string}"},"query-input":{"@type":"PropertyValueSpecification","valueRequired":true,"valueName":"search_term_string"}}],"inLanguage":"en-CA"},{"@type":"Organization","@id":"https:\/\/accncmecanique.com\/#organization","name":"ACCNC M\u00e9canique","url":"https:\/\/accncmecanique.com\/","logo":{"@type":"ImageObject","inLanguage":"en-CA","@id":"https:\/\/accncmecanique.com\/#\/schema\/logo\/image\/","url":"https:\/\/accncmecanique.com\/wp-content\/uploads\/2019\/05\/AC-CNC-mecanique.jpg","contentUrl":"https:\/\/accncmecanique.com\/wp-content\/uploads\/2019\/05\/AC-CNC-mecanique.jpg","width":437,"height":300,"caption":"ACCNC M\u00e9canique"},"image":{"@id":"https:\/\/accncmecanique.com\/#\/schema\/logo\/image\/"}}]}},"_links":{"self":[{"href":"https:\/\/accncmecanique.com\/en\/wp-json\/wp\/v2\/pages\/324","targetHints":{"allow":["GET"]}}],"collection":[{"href":"https:\/\/accncmecanique.com\/en\/wp-json\/wp\/v2\/pages"}],"about":[{"href":"https:\/\/accncmecanique.com\/en\/wp-json\/wp\/v2\/types\/page"}],"author":[{"embeddable":true,"href":"https:\/\/accncmecanique.com\/en\/wp-json\/wp\/v2\/users\/2"}],"replies":[{"embeddable":true,"href":"https:\/\/accncmecanique.com\/en\/wp-json\/wp\/v2\/comments?post=324"}],"version-history":[{"count":13,"href":"https:\/\/accncmecanique.com\/en\/wp-json\/wp\/v2\/pages\/324\/revisions"}],"predecessor-version":[{"id":8198,"href":"https:\/\/accncmecanique.com\/en\/wp-json\/wp\/v2\/pages\/324\/revisions\/8198"}],"wp:featuredmedia":[{"embeddable":true,"href":"https:\/\/accncmecanique.com\/en\/wp-json\/wp\/v2\/media\/7935"}],"wp:attachment":[{"href":"https:\/\/accncmecanique.com\/en\/wp-json\/wp\/v2\/media?parent=324"}],"curies":[{"name":"wp","href":"https:\/\/api.w.org\/{rel}","templated":true}]}}